{"id":970,"date":"2025-03-20T16:29:46","date_gmt":"2025-03-20T15:29:46","guid":{"rendered":"https:\/\/warmongerthegame.com\/?page_id=970"},"modified":"2026-01-15T16:38:44","modified_gmt":"2026-01-15T15:38:44","slug":"articulos","status":"publish","type":"page","link":"https:\/\/warmongerthegame.com\/index.php\/es\/articulos\/","title":{"rendered":"Art\u00edculos"},"content":{"rendered":"\n<h2 class=\"wp-block-heading has-xx-large-font-size\">ART\u00cdCULOS<\/h2>\n\n\n\n<p>En esta p\u00e1gina iremos a\u00f1adiendo art\u00edculos de inter\u00e9s para el juego, desde preguntas frecuentes a reglas opcionales que no se han incluido en el reglamento b\u00e1sico, pasando por consejos de modelismo o cualquier otro tema relacionado con <strong>Warmonger <\/strong>que consideremos que pueda ser de vuestro gusto.<\/p>\n\n\n\n<ul class=\"wp-block-list\">\n<li><a href=\"https:\/\/warmongerthegame.com\/index.php\/es\/iniciarse-en-warmonger\/\" data-type=\"page\" data-id=\"1632\">Iniciarse en Warmonger<\/a><\/li>\n\n\n\n<li><a href=\"https:\/\/warmongerthegame.com\/index.php\/es\/nuevas-bandas\/\" data-type=\"page\" data-id=\"976\">Bandas personalizadas<\/a><\/li>\n\n\n\n<li><a href=\"https:\/\/warmongerthegame.com\/index.php\/es\/preguntas-frecuentes\/\" data-type=\"page\" data-id=\"1772\">Preguntas frecuentes<\/a><\/li>\n\n\n\n<li><a href=\"https:\/\/warmongerthegame.com\/index.php\/es\/musica-para-warmonger\/\">M\u00fasica para Warmonger<\/a><\/li>\n\n\n\n<li><a href=\"https:\/\/warmongerthegame.com\/index.php\/es\/partidas-de-ejemplo\/\" data-type=\"page\" data-id=\"1049\">Partidas de ejemplo<\/a><\/li>\n<\/ul>\n\n\n\n<p><\/p>\n","protected":false},"excerpt":{"rendered":"<p>ART\u00cdCULOS En esta p\u00e1gina iremos a\u00f1adiendo art\u00edculos de inter\u00e9s para el juego, desde preguntas frecuentes a reglas opcionales que no se han incluido en el reglamento b\u00e1sico, pasando por consejos de modelismo o cualquier otro tema relacionado con Warmonger que consideremos que pueda ser de vuestro gusto.<\/p>\n","protected":false},"author":2,"featured_media":0,"parent":0,"menu_order":0,"comment_status":"closed","ping_status":"closed","template":"","meta":{"footnotes":""},"class_list":["post-970","page","type-page","status-publish","hentry"],"_links":{"self":[{"href":"https:\/\/warmongerthegame.com\/index.php\/wp-json\/wp\/v2\/pages\/970","targetHints":{"allow":["GET"]}}],"collection":[{"href":"https:\/\/warmongerthegame.com\/index.php\/wp-json\/wp\/v2\/pages"}],"about":[{"href":"https:\/\/warmongerthegame.com\/index.php\/wp-json\/wp\/v2\/types\/page"}],"author":[{"embeddable":true,"href":"https:\/\/warmongerthegame.com\/index.php\/wp-json\/wp\/v2\/users\/2"}],"replies":[{"embeddable":true,"href":"https:\/\/warmongerthegame.com\/index.php\/wp-json\/wp\/v2\/comments?post=970"}],"version-history":[{"count":11,"href":"https:\/\/warmongerthegame.com\/index.php\/wp-json\/wp\/v2\/pages\/970\/revisions"}],"predecessor-version":[{"id":1830,"href":"https:\/\/warmongerthegame.com\/index.php\/wp-json\/wp\/v2\/pages\/970\/revisions\/1830"}],"wp:attachment":[{"href":"https:\/\/warmongerthegame.com\/index.php\/wp-json\/wp\/v2\/media?parent=970"}],"curies":[{"name":"wp","href":"https:\/\/api.w.org\/{rel}","templated":true}]}}