{"id":546,"date":"2025-01-21T16:39:56","date_gmt":"2025-01-21T15:39:56","guid":{"rendered":"https:\/\/warmongerthegame.com\/?page_id=546"},"modified":"2025-03-17T16:39:25","modified_gmt":"2025-03-17T15:39:25","slug":"salvajes","status":"publish","type":"page","link":"https:\/\/warmongerthegame.com\/index.php\/es\/salvajes\/","title":{"rendered":"Salvajes"},"content":{"rendered":"\n<h2 class=\"wp-block-heading has-xx-large-font-size\">SALVAJES<\/h2>\n\n\n\n<p>M\u00e1s all\u00e1 de los entes infernales o los humanos corruptos, la naturaleza tambi\u00e9n ha dado un vuelco al orden natural engendrando nuevas criaturas que no encajan en ninguna clasificaci\u00f3n. Los c\u00e1pridos ser\u00edan el ejemplo m\u00e1s claro, tribus que anta\u00f1o pudieron ser hombres pero que hoy en d\u00eda han mutado hasta obtener claros rasgos caprinos como cuernos, pezu\u00f1as y rostros alargados y peludos.<\/p>\n\n\n\n<p>Estos seres bovinos encuentran la compa\u00f1\u00eda de entes salvajes que viven libres e ind\u00f3mitos por las Tierras imp\u00edas, como ogros, dr\u00edadas o centauros. Ya sea por protecci\u00f3n mutua o intereses personales, a menudo forman bandas errantes que pueden suponer un peligro para cualquier viajero despistado.<\/p>\n\n\n\n<p>Pero tambi\u00e9n hay tribus de criaturas lagartoides que lidian con la muerte a diario en sus pantanosos dominios. Las Marismas de la Locura son un lugar peligroso de por s\u00ed, pero los escamosos han encontrado la forma de recorrer sus lindes e incluso colonizar puntos m\u00e1s alejados de estas tierras en un vano intento por prosperar.<\/p>\n\n\n\n<h2 class=\"wp-block-heading has-x-large-font-size\">LA MANADA<\/h2>\n\n\n\n<p>Los bosques son escasos en las Tierras Imp\u00edas, un paraje desolado y oscuro, pero la Manada que mora en este lugar no siente nostalgia por ellos. Esta tierra y sus criaturas no conocen el sosiego; en su lugar, prosperan en la hostilidad y el caos. En las sombras de las grutas, faunos obscenos esp\u00edan y acechan a cualquier viajero que ose cruzar estos parajes, sus ojos brillando con una perversidad ancestral. Mientras tanto, centauros de aspecto feroz y belicoso descienden de las laderas erosionadas, levantando nubes de polvo en su paso violento. Estas criaturas, mitad hombre y mitad bestia, tienen corazones endurecidos y se lanzan con fiereza sobre cualquiera que consideren una amenaza. Por encima de ellos, arp\u00edas traicioneras patrullan los cielos. Con sus agudos ojos rastrean el suelo en busca de presas, siempre al acecho, siempre hambrientas.<\/p>\n\n\n\n<div class=\"wp-block-columns is-layout-flex wp-container-core-columns-is-layout-28f84493 wp-block-columns-is-layout-flex\">\n<div class=\"wp-block-column is-layout-flow wp-block-column-is-layout-flow\">\n<figure class=\"wp-block-image size-large is-resized\"><img loading=\"lazy\" decoding=\"async\" width=\"746\" height=\"1024\" src=\"https:\/\/warmongerthegame.com\/wp-content\/uploads\/2025\/01\/Hombre-Bestia-HIGH-746x1024.jpg\" alt=\"\" class=\"wp-image-550\" style=\"object-fit:cover;width:300px;height:625px\" srcset=\"https:\/\/warmongerthegame.com\/wp-content\/uploads\/2025\/01\/Hombre-Bestia-HIGH-746x1024.jpg 746w, https:\/\/warmongerthegame.com\/wp-content\/uploads\/2025\/01\/Hombre-Bestia-HIGH-219x300.jpg 219w, https:\/\/warmongerthegame.com\/wp-content\/uploads\/2025\/01\/Hombre-Bestia-HIGH-768x1054.jpg 768w, https:\/\/warmongerthegame.com\/wp-content\/uploads\/2025\/01\/Hombre-Bestia-HIGH-1119x1536.jpg 1119w, https:\/\/warmongerthegame.com\/wp-content\/uploads\/2025\/01\/Hombre-Bestia-HIGH-1492x2048.jpg 1492w, https:\/\/warmongerthegame.com\/wp-content\/uploads\/2025\/01\/Hombre-Bestia-HIGH-scaled.jpg 1865w\" sizes=\"auto, (max-width: 746px) 100vw, 746px\" \/><\/figure>\n<\/div>\n\n\n\n<div class=\"wp-block-column is-layout-flow wp-block-column-is-layout-flow\">\n<p>En las profundidades envenenadas, los esp\u00edritus del agua son a\u00fan menos numerosos, pero su presencia es inconfundible. De estanques ponzo\u00f1osos e irradiados emergen las nagas retorcidas, seres tan llenos de odio que parecen modeladas por el veneno mismo. Estos esp\u00edritus acu\u00e1ticos solo desean una cosa: destruir cualquier criatura viva que se atreva a adentrarse en sus dominios, asfixiando la vida con su toque terrible letal. Son despiadadas y peligrosas, con un desprecio absoluto por cualquier ser que no comparta su naturaleza corrupta.<\/p>\n<\/div>\n<\/div>\n\n\n\n<p>No obstante, la Manada no se limita a seres de carne y sangre. Los elementales son parte integral de esta tierra, criaturas de naturaleza salvaje que a menudo parecen indiferentes al destino de las razas inferiores que cruzan sus caminos. Algunos est\u00e1n hechos de fuego, con cuerpos ardientes y llamas danzantes que consumen todo a su paso. Otros, formados de hueso o carne, son manifestaciones de las energ\u00edas oscuras que rigen las Tierras Imp\u00edas. Los elementales de tierra son monta\u00f1as vivientes, fragmentos animados del paisaje que, aunque suelen ser neutrales, pueden aplastar sin piedad a cualquier ser desafortunado que se cruce en su camino.<\/p>\n\n\n\n<p>Pese a su coexistencia en estas tierras, la Manada carece de un lazo que los una realmente. No tienen lealtad a nadie ni a nada, ni formulan alianzas duraderas. Cada ser sigue sus propios instintos y deseos, ajeno al destino de las dem\u00e1s criaturas. Sin embargo, si un peligro mayor amenaza con alterar su dominio o poner en riesgo la existencia misma de su hogar, se ven forzados a unir fuerzas, dejando de lado sus hostilidades para enfrentar la amenaza com\u00fan. En estos raros momentos, se convierten en un ej\u00e9rcito ca\u00f3tico, una fuerza indomable que lucha con brutalidad y sin tregua. Pero apenas desaparece el peligro, la alianza se disuelve como si nunca hubiera existido, y cada criatura regresa a su soledad, retomando su rol solitario como guardianes despiadados y habitantes insensibles de las Tierras Imp\u00edas.<\/p>\n\n\n\n<h2 class=\"wp-block-heading has-x-large-font-size\">ESCAMOSOS<\/h2>\n\n\n\n<p>En los alrededores de las Marismas de la Locura habita una raza de saurios b\u00edpedos, cuya sociedad tribal no forma asentamientos. Viajan constantemente en peque\u00f1os grupos, buscando nuevas zonas de caza o caladeros apropiados para criar a sus reto\u00f1os. Los adultos son casi tan altos como un humano, aunque tienden a caminar encorvados hacia adelante contrapesando sus movimientos con sus colas.<\/p>\n\n\n\n<p>Los escamosos son escasos incluso en esta zona, donde habitan los mayores grupos. Los rigores de las Marismas, sus peligros, bestias e inclemencias diezman su poblaci\u00f3n pero por alguna raz\u00f3n se niegan a morir. Siempre cercanos a la extinci\u00f3n, los escamosos defienden su territorio con fiereza.<\/p>\n\n\n\n<p>Sus chamanes est\u00e1n en comuni\u00f3n con la tierra y llevan a cabo todo tipo de rituales de fertilidad y abundancia. El pantano da vida pero tambi\u00e9n la quita. En tiempos de gran necesidad, cuando la caza es escasa y las inclemencias parecen no tener fin, recurren a pr\u00e1cticas sombr\u00edas, como los ahogamientos rituales. En estos tiempos oscuros, los miembros m\u00e1s viejos o aquellos considerados \u201celegidos\u201d ofrecen sus vidas, sumergi\u00e9ndose en las aguas turbias como un tributo desesperado a las fuerzas del pantano, en la creencia de que su sacrificio traer\u00e1 abundancia para los j\u00f3venes y fortalecer\u00e1 la tierra bajo sus pies.<\/p>\n\n\n\n<h2 class=\"wp-block-heading has-x-large-font-size\">PIGMEOS<\/h2>\n\n\n\n<p>Los Pigmeos habitan en las profundidades de los pantanos y marismas. Estas criaturas depravadas, de cuerpos fibrosos y nervudos, han abandonado hace mucho la noci\u00f3n de civilizaci\u00f3n, entreg\u00e1ndose a una existencia de violencia ritualizada, sadismo primitivo y supersticiones sangrientas.<\/p>\n\n\n\n<p>De piel oscura y curtida por el fango, los Pigmeos se cubren con pinturas de guerra, trazando s\u00edmbolos tribales en su carne con barro blanquecino y ceniza. Adornan sus cuerpos con plumas de aves ex\u00f3ticas, dientes humanos y huesos pulidos, como si quisieran ser una burla grotesca de la nobleza extinta de las Tierras Imp\u00edas. Antes de la batalla, se embriagan con p\u00f3cimas destiladas de hierbas venenosas y hongos del pantano, que los sumen en un trance de frenes\u00ed homicida o les embotan el miedo hasta que la muerte les alcance con los ojos inyectados en sangre.<\/p>\n\n\n\n<div class=\"wp-block-columns is-layout-flex wp-container-core-columns-is-layout-28f84493 wp-block-columns-is-layout-flex\">\n<div class=\"wp-block-column is-layout-flow wp-block-column-is-layout-flow\">\n<figure class=\"wp-block-image size-large is-resized\"><img loading=\"lazy\" decoding=\"async\" width=\"603\" height=\"1024\" src=\"https:\/\/warmongerthegame.com\/wp-content\/uploads\/2025\/03\/Heroes-HIGH-scaled-e1742225571368-603x1024.jpg\" alt=\"\" class=\"wp-image-947\" style=\"width:auto;height:500px\" srcset=\"https:\/\/warmongerthegame.com\/wp-content\/uploads\/2025\/03\/Heroes-HIGH-scaled-e1742225571368-603x1024.jpg 603w, https:\/\/warmongerthegame.com\/wp-content\/uploads\/2025\/03\/Heroes-HIGH-scaled-e1742225571368-177x300.jpg 177w, https:\/\/warmongerthegame.com\/wp-content\/uploads\/2025\/03\/Heroes-HIGH-scaled-e1742225571368-768x1304.jpg 768w, https:\/\/warmongerthegame.com\/wp-content\/uploads\/2025\/03\/Heroes-HIGH-scaled-e1742225571368-905x1536.jpg 905w, https:\/\/warmongerthegame.com\/wp-content\/uploads\/2025\/03\/Heroes-HIGH-scaled-e1742225571368.jpg 980w\" sizes=\"auto, (max-width: 603px) 100vw, 603px\" \/><\/figure>\n<\/div>\n\n\n\n<div class=\"wp-block-column is-layout-flow wp-block-column-is-layout-flow\">\n<p>Sus prisioneros son sumergidos hasta la nariz en las aguas de la marisma, donde deben luchar contra el agotamiento y el p\u00e1nico, pues en cuanto sus miembros flaquean, el lodo se convierte en su tumba. Mientras tanto, los Pigmeos se congregan a su alrededor, formando un c\u00edrculo, riendo y bebiendo de sus calabazas fermentadas, apostando entre s\u00ed en su burda lengua sobre si el cautivo morir\u00e1 primero ahogado o ser\u00e1 devorado vivo por los enormes cangrejos carn\u00edvoros.<\/p>\n<\/div>\n<\/div>\n\n\n\n<p>Para ellos, la sangre es la esencia de la vida, la fuente de toda fuerza y poder. Sus chamanes la utilizan en todos sus rituales, ya sea para elaborar pociones, ofrecer sacrificios o realizar rudimentarios pero efectivos tratamientos curativos. Un Pigmeo enfermo es obligado a beber la sangre caliente de una v\u00edctima reciente, mientras los chamanes entonan c\u00e1nticos guturales, convencidos de que as\u00ed absorber\u00e1 la vitalidad del ca\u00eddo. Para ellos, no hay mayor error que desperdiciar la sangre.<\/p>\n\n\n\n<p>A diferencia de otras bandas que doman o entrenan bestias de combate, los Pigmeos simplemente las azuzan contra sus enemigos, liberando horribles criaturas del pantano, presas de un frenes\u00ed de hambre y violencia. Serpientes colosales, saurios de fauces deformes\u2026 No los consideran aliados ni mascotas, sino destructores salvajes a los que desatan en el momento preciso.<\/p>\n","protected":false},"excerpt":{"rendered":"<p>SALVAJES M\u00e1s all\u00e1 de los entes infernales o los humanos corruptos, la naturaleza tambi\u00e9n ha dado un vuelco al orden natural engendrando nuevas criaturas que no encajan en ninguna clasificaci\u00f3n. Los c\u00e1pridos ser\u00edan el ejemplo m\u00e1s claro, tribus que anta\u00f1o pudieron ser hombres pero que hoy en d\u00eda han mutado hasta obtener claros rasgos caprinos [&hellip;]<\/p>\n","protected":false},"author":2,"featured_media":0,"parent":0,"menu_order":0,"comment_status":"closed","ping_status":"closed","template":"","meta":{"footnotes":""},"class_list":["post-546","page","type-page","status-publish","hentry"],"_links":{"self":[{"href":"https:\/\/warmongerthegame.com\/index.php\/wp-json\/wp\/v2\/pages\/546","targetHints":{"allow":["GET"]}}],"collection":[{"href":"https:\/\/warmongerthegame.com\/index.php\/wp-json\/wp\/v2\/pages"}],"about":[{"href":"https:\/\/warmongerthegame.com\/index.php\/wp-json\/wp\/v2\/types\/page"}],"author":[{"embeddable":true,"href":"https:\/\/warmongerthegame.com\/index.php\/wp-json\/wp\/v2\/users\/2"}],"replies":[{"embeddable":true,"href":"https:\/\/warmongerthegame.com\/index.php\/wp-json\/wp\/v2\/comments?post=546"}],"version-history":[{"count":7,"href":"https:\/\/warmongerthegame.com\/index.php\/wp-json\/wp\/v2\/pages\/546\/revisions"}],"predecessor-version":[{"id":954,"href":"https:\/\/warmongerthegame.com\/index.php\/wp-json\/wp\/v2\/pages\/546\/revisions\/954"}],"wp:attachment":[{"href":"https:\/\/warmongerthegame.com\/index.php\/wp-json\/wp\/v2\/media?parent=546"}],"curies":[{"name":"wp","href":"https:\/\/api.w.org\/{rel}","templated":true}]}}