{"id":524,"date":"2025-01-18T10:23:18","date_gmt":"2025-01-18T09:23:18","guid":{"rendered":"https:\/\/warmongerthegame.com\/?page_id=524"},"modified":"2025-03-21T16:27:16","modified_gmt":"2025-03-21T15:27:16","slug":"inhumanos","status":"publish","type":"page","link":"https:\/\/warmongerthegame.com\/index.php\/es\/inhumanos\/","title":{"rendered":"Inhumanos"},"content":{"rendered":"\n<h2 class=\"wp-block-heading has-contrast-color has-text-color has-link-color has-xx-large-font-size wp-elements-ecd7b66a52b8095ad09618585889bab8\" style=\"text-transform:uppercase\">INHUMANOS<\/h2>\n\n\n\n<p>Las criaturas ultraterrenas son m\u00e1s abundantes de lo que se podr\u00eda imaginar a simple vista. Los demonios son las m\u00e1s obvias de ellas, ya que se pueden ver entes alados surcando los cielos en cualquier punto, adem\u00e1s de congregarse en gran n\u00famero en las cercan\u00edas de la Boca del Infierno.<\/p>\n\n\n\n<p>La pe\u00f1a del cuervo es otro ejemplo de nueva raza, pero con una entidad propia y una extensi\u00f3n en n\u00famero que la hace diferenciarse de las criaturas inhumanas. Anidan en los picos m\u00e1s altos del paisaje sin quedarse mucho tiempo en un mismo sitio, transmitiendo sus mutaciones que se hacen cada vez m\u00e1s radicales en cada generaci\u00f3n.<\/p>\n\n\n\n<p>En sus ant\u00edpodas est\u00e1n los disc\u00edpulos de las tejedoras, cuya corrupci\u00f3n los ha apartado de la senda humana hace generaciones en busca de parecerse a sus ar\u00e1cnidos amos en un camino sin retorno a la locura.<\/p>\n\n\n\n<h2 class=\"wp-block-heading has-x-large-font-size\">CAMBIAPIELES<\/h2>\n\n\n\n<p>Temidos y odiados por igual, los Cambiapieles, tambi\u00e9n<br>conocidos como Cambiaformas o H\u00edbridos, son individuos que<br>han sufrido alteraciones en su cuerpo debido a la exposici\u00f3n<br>prolongada a mut\u00e1genos durante generaciones. Sin embargo,<br>estas mutaciones han alterado hasta tal punto su c\u00f3digo<br>gen\u00e9tico que ha permitido a aquellos que han sobrevivido<br>trascender de las simples mutaciones y poder alterar su forma<br>y su cuerpo a voluntad, adoptando bien la forma de humanos,<br>bien la forma de bestias, o la de seres h\u00edbridos que alimentan<br>las pesadillas de los habitantes de las Tierras Imp\u00edas.<\/p>\n\n\n\n<p>Los Cambiapieles no tienen un aspecto homog\u00e9neo, pues<br>las mutaciones se desarrollan en cada individuo de una forma<br>distinta; los m\u00e1s com\u00fan es que adopten aspectos o rasgos<br>de depredadores como lobos, osos, o grandes felinos, pero<br>tambi\u00e9n los hay con aspecto de aves, animales acu\u00e1ticos,<br>reptiles, anfibios u herb\u00edvoros.<\/p>\n\n\n\n<p>Si bien los Cambiapieles pueden integrarse hasta cierto<br>punto en las Tribus Humanas o en la Manada, su naturaleza<br>cambiante suele despertar recelo, miedo y desconfianza,<br>adem\u00e1s de violencia contra ellos, por lo que es m\u00e1s habitual<br>encontrar tribus o clanes compuestos exclusivamente por<br>Cambiapieles que se agrupan m\u00e1s por necesidad de protecci\u00f3n<br>que por en mero placer de estar entre los suyos.<\/p>\n\n\n\n<p>De actitud n\u00f3mada por naturaleza, hay algunos clanes que,<br>sin embargo, tienen unos territorios m\u00e1s definidos, como la<br>Manada de Agnes, un grupo de hombres lobo que se creen con derecho exclusivo a vagar por las Marismas de la Locura, o los<br>habitantes de los Colmillos, cerca de los t\u00famulos de Cragmora,<br>que en realidad son un extenso clan de lic\u00e1ntropos jabal\u00edes.<\/p>\n\n\n\n<h2 class=\"wp-block-heading has-x-large-font-size\" style=\"text-transform:uppercase\">DEMONIOS<\/h2>\n\n\n\n<div class=\"wp-block-columns is-layout-flex wp-container-core-columns-is-layout-28f84493 wp-block-columns-is-layout-flex\">\n<div class=\"wp-block-column is-layout-flow wp-block-column-is-layout-flow\">\n<figure class=\"wp-block-image size-large\"><img loading=\"lazy\" decoding=\"async\" width=\"784\" height=\"1024\" src=\"https:\/\/warmongerthegame.com\/wp-content\/uploads\/2025\/01\/Demonio-HIGH-1-784x1024.jpg\" alt=\"\" class=\"wp-image-196\" srcset=\"https:\/\/warmongerthegame.com\/wp-content\/uploads\/2025\/01\/Demonio-HIGH-1-784x1024.jpg 784w, https:\/\/warmongerthegame.com\/wp-content\/uploads\/2025\/01\/Demonio-HIGH-1-230x300.jpg 230w, https:\/\/warmongerthegame.com\/wp-content\/uploads\/2025\/01\/Demonio-HIGH-1-768x1003.jpg 768w, https:\/\/warmongerthegame.com\/wp-content\/uploads\/2025\/01\/Demonio-HIGH-1-1177x1536.jpg 1177w, https:\/\/warmongerthegame.com\/wp-content\/uploads\/2025\/01\/Demonio-HIGH-1-1569x2048.jpg 1569w, https:\/\/warmongerthegame.com\/wp-content\/uploads\/2025\/01\/Demonio-HIGH-1-scaled.jpg 1961w\" sizes=\"auto, (max-width: 784px) 100vw, 784px\" \/><\/figure>\n<\/div>\n\n\n\n<div class=\"wp-block-column is-layout-flow wp-block-column-is-layout-flow\">\n<p>Las huestes de Bal son incontables y su influencia impregna todo este lugar. La Boca del Infierno escupe un sinf\u00edn de criaturas de maldad inenarrable, un desfile de infernales mal\u00e9volos, retorcidos y nefarios que s\u00f3lo buscan el placer de la destrucci\u00f3n en s\u00ed misma. Nadie quiere cruzarse en el camino de estas entidades de destrucci\u00f3n.<\/p>\n<\/div>\n<\/div>\n\n\n\n<p>Desde entidades colosales que devoran almas por centenares hasta diablillos traviesos que gastan bromas insoportables, pasando por tentadoras s\u00facubos o entes incorp\u00f3reos, los demonios pueden adoptar infinidad de formas, tama\u00f1os y apariencias. Todos ellos buscan causar da\u00f1o, enga\u00f1ar y matar, obteniendo su mayor recompensa cuanto m\u00e1s alta la traici\u00f3n o la desesperaci\u00f3n final de sus v\u00edctimas.<\/p>\n\n\n\n<p>Bal no tiene un plan a largo plazo. De momento se contenta con juguetear con esta nueva tierra que despierta su deleite al carecer de cualquier atisbo de salvaci\u00f3n. Cuando por fin se aburra, la Boca se abrir\u00e1 del todo para engullirla.<\/p>\n\n\n\n<h2 class=\"wp-block-heading has-x-large-font-size\" style=\"text-transform:uppercase\">DISC\u00cdPULOS DE LAS TEJEDORAS<\/h2>\n\n\n\n<div class=\"wp-block-columns is-layout-flex wp-container-core-columns-is-layout-28f84493 wp-block-columns-is-layout-flex\">\n<div class=\"wp-block-column is-layout-flow wp-block-column-is-layout-flow\">\n<figure class=\"wp-block-image size-full\"><img loading=\"lazy\" decoding=\"async\" width=\"412\" height=\"660\" src=\"https:\/\/warmongerthegame.com\/wp-content\/uploads\/2025\/01\/Discipula-Chunga.png\" alt=\"\" class=\"wp-image-538\" srcset=\"https:\/\/warmongerthegame.com\/wp-content\/uploads\/2025\/01\/Discipula-Chunga.png 412w, https:\/\/warmongerthegame.com\/wp-content\/uploads\/2025\/01\/Discipula-Chunga-187x300.png 187w\" sizes=\"auto, (max-width: 412px) 100vw, 412px\" \/><\/figure>\n<\/div>\n\n\n\n<div class=\"wp-block-column is-layout-flow wp-block-column-is-layout-flow\">\n<p>Por incre\u00edble que pueda parecer, los Disc\u00edpulos de las Tejedoras fueron anta\u00f1o humanos, pero el tiempo y sus rituales oscuros los han corrompido hasta un punto de no retorno, donde ya no pueden ni siquiera recordar sus or\u00edgenes humanos. En sus mentes distorsionadas, esas colosales y horrendas ara\u00f1as infernales que habitan las grietas y sombras de grutas y valles, son seres sagrados, encarnaciones divinas del poder y la gloria suprema.<\/p>\n<\/div>\n<\/div>\n\n\n\n<p>A trav\u00e9s de un sinf\u00edn de rituales imp\u00edos, los disc\u00edpulos buscan imitar a estas deidades monstruosas, anhelando en cada acto de autolesi\u00f3n y sacrificio acercarse un poco m\u00e1s a la monstruosidad divina que veneran. Sus ceremonias son tan macabras como impensables: ingieren la sangre t\u00f3xica de las tejedoras, descomponi\u00e9ndose desde dentro en un ag\u00f3nico proceso de \u201cpurificaci\u00f3n\u201d; se amputan miembros sin vacilaci\u00f3n para coserse patas de ara\u00f1as gigantes, integrando en sus cuerpos lo que consideran s\u00edmbolos sagrados de poder y cercan\u00eda a sus diosas. En una muestra de entrega absoluta, algunos disc\u00edpulos permiten que las tejedoras pongan sus huevos dentro de sus cuerpos, susurrando alabanzas y plegarias mientras las cr\u00edas parasitarias se desarrollan en su interior. Para los m\u00e1s devotos, incluso el acto de convertirse en alimento para las tejedoras es visto como un \u00faltimo sacrificio: creen que, al ser devorados, renacer\u00e1n en la siguiente camada, encarnados en el cuerpo de una cr\u00eda ar\u00e1cnida, alcanzando as\u00ed la comuni\u00f3n definitiva.<\/p>\n\n\n\n<p>All\u00ed donde otros seres han sido moldeados por mutaciones hasta convertirse en algo m\u00e1s que humano, los disc\u00edpulos de las tejedoras, a trav\u00e9s de atrocidades transmitidas de generaci\u00f3n en generaci\u00f3n, han descendido voluntariamente cada pelda\u00f1o de una escalera en espiral hacia la abyecci\u00f3n. Han renunciado a cualquier vestigio de humanidad y se han entregado a una depravaci\u00f3n que los lleva cada vez m\u00e1s cerca de la locura y la condenaci\u00f3n. Es en este ciclo de devoci\u00f3n y mutilaci\u00f3n donde su humanidad se disuelve, dejando solo cascarones retorcidos que, con el tiempo, pueden llegar a ser indistinguibles de las monstruosas deidades que tanto veneran.<\/p>\n\n\n\n<h2 class=\"wp-block-heading has-x-large-font-size\" style=\"text-transform:uppercase\">PE\u00d1A DEL CUERVO<\/h2>\n\n\n\n<p>Grimna gobierna con determinaci\u00f3n a las diversas tribus de la Pe\u00f1a del Cuervo. Es un c\u00f3rvido de varias generaciones y sus mutaciones habr\u00edan matado a casi cualquier otro humano. Controla a otras aves, pudiendo hablar con ellas para que act\u00faen de mensajeras o porteadoras. Quienes lo conocen mejor afirman que posee m\u00e1s poderes, lo cual est\u00e1 empezando a granjearle la categor\u00eda de semidi\u00f3s.<\/p>\n\n\n\n<p>Busca obtener la supremac\u00eda sobre el resto de las razas de dos patas ancladas a la tierra, y donde \u00e9stas gritan \u201c\u00a1Cielos malditos!\u201d para mostrar indignaci\u00f3n, sorpresa o lanzar una maldici\u00f3n, los guerreros del cuervo graznan en su atroz lengua de chasquidos un \u201c\u00a1Muerte celestial!\u201d antes de lanzarse en picado al ataque.<\/p>\n\n\n\n<div class=\"wp-block-columns is-layout-flex wp-container-core-columns-is-layout-28f84493 wp-block-columns-is-layout-flex\">\n<div class=\"wp-block-column is-layout-flow wp-block-column-is-layout-flow\">\n<figure class=\"wp-block-image size-large\"><img loading=\"lazy\" decoding=\"async\" width=\"726\" height=\"1024\" src=\"https:\/\/warmongerthegame.com\/wp-content\/uploads\/2025\/01\/Mujer-Cuervo-HIGH-726x1024.jpg\" alt=\"\" class=\"wp-image-199\" srcset=\"https:\/\/warmongerthegame.com\/wp-content\/uploads\/2025\/01\/Mujer-Cuervo-HIGH-726x1024.jpg 726w, https:\/\/warmongerthegame.com\/wp-content\/uploads\/2025\/01\/Mujer-Cuervo-HIGH-213x300.jpg 213w, https:\/\/warmongerthegame.com\/wp-content\/uploads\/2025\/01\/Mujer-Cuervo-HIGH-768x1083.jpg 768w, https:\/\/warmongerthegame.com\/wp-content\/uploads\/2025\/01\/Mujer-Cuervo-HIGH-1089x1536.jpg 1089w, https:\/\/warmongerthegame.com\/wp-content\/uploads\/2025\/01\/Mujer-Cuervo-HIGH-1452x2048.jpg 1452w, https:\/\/warmongerthegame.com\/wp-content\/uploads\/2025\/01\/Mujer-Cuervo-HIGH-scaled.jpg 1815w\" sizes=\"auto, (max-width: 726px) 100vw, 726px\" \/><\/figure>\n<\/div>\n\n\n\n<div class=\"wp-block-column is-layout-flow wp-block-column-is-layout-flow\">\n<p>Grimna sabe que el Aquelarre guarda muchos secretos y que es una fuerza a tener en cuenta. Sus numerosos esp\u00edas a\u00e9reos siempre tienen ojos puestos en las idas y venidas de estas mujeres, a pesar de todos sus esfuerzos por ocultar sus actividades. Grimna ve, escucha, sopesa y calla. Su siguiente movimiento ha de ser perfecto.<\/p>\n<\/div>\n<\/div>\n","protected":false},"excerpt":{"rendered":"<p>INHUMANOS Las criaturas ultraterrenas son m\u00e1s abundantes de lo que se podr\u00eda imaginar a simple vista. Los demonios son las m\u00e1s obvias de ellas, ya que se pueden ver entes alados surcando los cielos en cualquier punto, adem\u00e1s de congregarse en gran n\u00famero en las cercan\u00edas de la Boca del Infierno. La pe\u00f1a del cuervo [&hellip;]<\/p>\n","protected":false},"author":2,"featured_media":0,"parent":0,"menu_order":0,"comment_status":"closed","ping_status":"closed","template":"","meta":{"footnotes":""},"class_list":["post-524","page","type-page","status-publish","hentry"],"_links":{"self":[{"href":"https:\/\/warmongerthegame.com\/index.php\/wp-json\/wp\/v2\/pages\/524","targetHints":{"allow":["GET"]}}],"collection":[{"href":"https:\/\/warmongerthegame.com\/index.php\/wp-json\/wp\/v2\/pages"}],"about":[{"href":"https:\/\/warmongerthegame.com\/index.php\/wp-json\/wp\/v2\/types\/page"}],"author":[{"embeddable":true,"href":"https:\/\/warmongerthegame.com\/index.php\/wp-json\/wp\/v2\/users\/2"}],"replies":[{"embeddable":true,"href":"https:\/\/warmongerthegame.com\/index.php\/wp-json\/wp\/v2\/comments?post=524"}],"version-history":[{"count":8,"href":"https:\/\/warmongerthegame.com\/index.php\/wp-json\/wp\/v2\/pages\/524\/revisions"}],"predecessor-version":[{"id":997,"href":"https:\/\/warmongerthegame.com\/index.php\/wp-json\/wp\/v2\/pages\/524\/revisions\/997"}],"wp:attachment":[{"href":"https:\/\/warmongerthegame.com\/index.php\/wp-json\/wp\/v2\/media?parent=524"}],"curies":[{"name":"wp","href":"https:\/\/api.w.org\/{rel}","templated":true}]}}