{"id":456,"date":"2025-01-12T12:21:09","date_gmt":"2025-01-12T11:21:09","guid":{"rendered":"https:\/\/warmongerthegame.com\/?page_id=456"},"modified":"2025-03-08T10:00:14","modified_gmt":"2025-03-08T09:00:14","slug":"humanos","status":"publish","type":"page","link":"https:\/\/warmongerthegame.com\/index.php\/es\/humanos\/","title":{"rendered":"Humanos"},"content":{"rendered":"\n<h2 class=\"wp-block-heading has-warmonger-font-family has-xx-large-font-size\" style=\"text-transform:uppercase\">TRIBUS HUMANAS<\/h2>\n\n\n\n<p>Los humanos mantienen un delicado equilibrio con las dem\u00e1s criaturas de las Tierras Imp\u00edas. Su n\u00famero no es muy elevado y deben agruparse en clanes, tribus o caravanas para obtener la protecci\u00f3n del grupo. Su tecnolog\u00eda es rudimentaria y muchos de ellos ni siquiera han descubierto la forja del hierro, limit\u00e1ndose a una vida trashumante en la que no cabe nada que no se pueda transportar.<\/p>\n\n\n\n<p>No parecen tener un idioma com\u00fan, aunque todos ellos se las apa\u00f1an mediante palabras muy similares o m\u00edmica si se encuentran dos grupos muy dispares. Algunos de los asentamientos m\u00e1s permanentes han llegado a desarrollar un lenguaje escrito que les facilita los intercambios, sobre todo a la hora de llevar registros de alimentos, inventarios e intendencia b\u00e1sica. Estas runas rudimentarias se usan adem\u00e1s para se\u00f1alar caminos o marcar peligros en las zonas agrestes, dejadas all\u00ed en rocas y \u00e1rboles por los exploradores como advertencia a quienes los sigan.<\/p>\n\n\n\n<p>Hay muchas tribus, grupos de poder y clanes de humanos en las Tierras Imp\u00edas, en su mayor\u00eda separados, fraccionados o aislados del resto. A continuaci\u00f3n se introducen los principales en el juego de poder de esta regi\u00f3n.<\/p>\n\n\n\n<p class=\"has-warmonger-font-family has-x-large-font-size\">DEVORADORES DE CAD\u00c1VERES<\/p>\n\n\n\n<p>Los Devoradores de Cad\u00e1veres viven principalmente en las cavernas de la Cordillera de Sangre, aunque sus miembros se extienden por cualquier parte del subsuelo, ya que no es extra\u00f1o que alg\u00fan clan se quede aislado bajo tierra de los dem\u00e1s por el paisaje cambiante.<\/p>\n\n\n\n<div class=\"wp-block-columns is-layout-flex wp-container-core-columns-is-layout-28f84493 wp-block-columns-is-layout-flex\">\n<div class=\"wp-block-column is-layout-flow wp-block-column-is-layout-flow\">\n<figure class=\"wp-block-image size-large is-resized has-custom-border\" style=\"margin-top:0;margin-bottom:0\"><img loading=\"lazy\" decoding=\"async\" width=\"752\" height=\"1024\" src=\"https:\/\/warmongerthegame.com\/wp-content\/uploads\/2025\/01\/Devoradores-752x1024.jpg\" alt=\"\" class=\"wp-image-238\" style=\"border-width:3px;aspect-ratio:0.5625;object-fit:cover;width:300px\" srcset=\"https:\/\/warmongerthegame.com\/wp-content\/uploads\/2025\/01\/Devoradores-752x1024.jpg 752w, https:\/\/warmongerthegame.com\/wp-content\/uploads\/2025\/01\/Devoradores-220x300.jpg 220w, https:\/\/warmongerthegame.com\/wp-content\/uploads\/2025\/01\/Devoradores-768x1045.jpg 768w, https:\/\/warmongerthegame.com\/wp-content\/uploads\/2025\/01\/Devoradores-1128x1536.jpg 1128w, https:\/\/warmongerthegame.com\/wp-content\/uploads\/2025\/01\/Devoradores-1505x2048.jpg 1505w, https:\/\/warmongerthegame.com\/wp-content\/uploads\/2025\/01\/Devoradores-scaled.jpg 1881w\" sizes=\"auto, (max-width: 752px) 100vw, 752px\" \/><\/figure>\n<\/div>\n\n\n\n<div class=\"wp-block-column is-layout-flow wp-block-column-is-layout-flow\">\n<p>No buscan la expansi\u00f3n ni la gloria, como el Rostro Negro, ni tampoco tratan a las Brujas con m\u00e1s devoci\u00f3n que un sano respeto por sus poderes. Se contentan con procrear bajo tierra y saciar su hambre eterna con carne humana que tambi\u00e9n alimenta a su reina-diosa, la Reina del Odio. Su dieta can\u00edbal y el agua sulfurosa de los manantiales subterr\u00e1neos sin duda ha mancillado sus cerebros m\u00e1s all\u00e1 de cualquier recuperaci\u00f3n posible.<\/p>\n<\/div>\n<\/div>\n\n\n\n<p>Los cultos que llevan a cabo en las cuevas son algo nauseabundo de contemplar, siempre relacionados con alg\u00fan sacrificio ritual o ceremonias de fertilidad, en las que se utilizan a las parideras de la tribu (mujeres abotargadas y cebadas a semejanza de su Reina del Odio, que apenas pueden caminar) como simples objetos a los que fecundar.<\/p>\n\n\n\n<p>Su carne est\u00e1 marcada por rituales de escarificaci\u00f3n que les confieren un aspecto cruel a sus cuerpos fibrosos, mientras que sus dientes se afilan como parte de sus ritos de madurez. Tambi\u00e9n se pintan con pigmentos terrosos y son maestros de la emboscada.<\/p>\n\n\n\n<h2 class=\"wp-block-heading has-x-large-font-size\">REPUDIADOS<\/h2>\n\n\n\n<p>Como su propio nombre indica, los Repudiados son parias que no tienen ning\u00fan lugar al que considerar hogar ni clan al que llamar familia. Han sido expulsados de sus lugares de origen por alg\u00fan mal, superstici\u00f3n o castigo, y s\u00f3lo tienen la compa\u00f1\u00eda de otros como ellos. Nadie da la cara por ellos, ni ellos est\u00e1n dispuestos a dar su confianza a la ligera.<\/p>\n\n\n\n<div class=\"wp-block-columns is-layout-flex wp-container-core-columns-is-layout-28f84493 wp-block-columns-is-layout-flex\">\n<div class=\"wp-block-column is-layout-flow wp-block-column-is-layout-flow\">\n<figure class=\"wp-block-image size-large is-resized\"><img loading=\"lazy\" decoding=\"async\" width=\"647\" height=\"1024\" src=\"https:\/\/warmongerthegame.com\/wp-content\/uploads\/2025\/02\/WarZulaT-647x1024.png\" alt=\"\" class=\"wp-image-607\" style=\"object-fit:cover;width:300px;height:640px\" srcset=\"https:\/\/warmongerthegame.com\/wp-content\/uploads\/2025\/02\/WarZulaT-647x1024.png 647w, https:\/\/warmongerthegame.com\/wp-content\/uploads\/2025\/02\/WarZulaT-190x300.png 190w, https:\/\/warmongerthegame.com\/wp-content\/uploads\/2025\/02\/WarZulaT-768x1215.png 768w, https:\/\/warmongerthegame.com\/wp-content\/uploads\/2025\/02\/WarZulaT.png 800w\" sizes=\"auto, (max-width: 647px) 100vw, 647px\" \/><\/figure>\n<\/div>\n\n\n\n<div class=\"wp-block-column is-layout-flow wp-block-column-is-layout-flow\">\n<p>Sus bandas se forman y deshacen seg\u00fan su necesidad, pero si sobreviven lo suficiente llegan a crear grupos estables que protegen a todos sus miembros por igual. En ese sentido son una rara avis en las Tierras Imp\u00edas, ya que sus comunidades son bastante igualitarias y tolerantes para con sus miembros. Incluso en sus ritos funerarios se nota cierta empat\u00eda, ya que sus enterramientos tienden a ser los m\u00e1s cuidadosos. No se limitan a arrojar a los cad\u00e1veres a una sima, sino que les preparan ajuares y utensilios para acompa\u00f1arlos en su viaje.<\/p>\n<\/div>\n<\/div>\n\n\n\n<p>Su vida suele ser ef\u00edmera, brutal y espartana. Comercian para obtener sobre todo comida, pero tambi\u00e9n objetos de uso diario y en especial armas de mejor calidad que las que se pueden fabricar ellos en sus campamentos n\u00f3madas. Tat\u00faan a sus miembros con runas que adoptan como nombre y que ponen de manifiesto su mejor aptitud: Cazadora, Raudo o Comerciante son nombres comunes.<\/p>\n\n\n\n<h2 class=\"wp-block-heading has-x-large-font-size\">SJEVERNI<\/h2>\n\n\n\n<div class=\"wp-block-columns is-layout-flex wp-container-core-columns-is-layout-28f84493 wp-block-columns-is-layout-flex\">\n<div class=\"wp-block-column is-layout-flow wp-block-column-is-layout-flow\">\n<figure class=\"wp-block-image size-full is-resized\"><img loading=\"lazy\" decoding=\"async\" width=\"566\" height=\"854\" src=\"https:\/\/warmongerthegame.com\/wp-content\/uploads\/2025\/02\/Sjeverni.jpg\" alt=\"\" class=\"wp-image-611\" style=\"aspect-ratio:0.6666666666666666;object-fit:contain;width:300px\" srcset=\"https:\/\/warmongerthegame.com\/wp-content\/uploads\/2025\/02\/Sjeverni.jpg 566w, https:\/\/warmongerthegame.com\/wp-content\/uploads\/2025\/02\/Sjeverni-199x300.jpg 199w\" sizes=\"auto, (max-width: 566px) 100vw, 566px\" \/><\/figure>\n<\/div>\n\n\n\n<div class=\"wp-block-column is-layout-flow wp-block-column-is-layout-flow\">\n<p>Los Sjeverni (se pronuncia Si\u00e9verni) son un pueblo remoto de m\u00e1s all\u00e1 de las Marismas de la Locura. Son altos, de piel p\u00e1lida y largas melenas tanto en hombres como en mujeres. Se visten con pieles, ya que dicen que en su tierra abunda un elemento conocido como \u201cnieve\u201d, que cae del cielo y hiela a plantas, hombres y animales por igual, cubriendo el paisaje de un manto blanco.<\/p>\n<\/div>\n<\/div>\n\n\n\n<p>En el resto de las Tierras Imp\u00edas cualquier cosa que caiga del cielo es vista como algo diab\u00f3lico, as\u00ed que quienes vivan en un lugar con esa \u201cnieve\u201d no pueden ser mejores que los demonios. A los Sjeverni se los considera, pues, mentirosos o peligrosos. O quiz\u00e1 ambas a partes iguales.<\/p>\n\n\n\n<p>Son un pueblo cerrado, aislado, que s\u00f3lo abandona sus lugares de origen por una buena raz\u00f3n. Alimentan todas las leyendas que circulan sobre ellos y disfrutan en secreto con las miradas de extra\u00f1eza o temor que despiertan con sus capas, barbas y cabelleras, adem\u00e1s de tener dificultades para comunicarse con otras tribus porque su dialecto es muy diferente a cualquier otro. <\/p>\n\n\n\n<p>No les preocupa en exceso nada de lo anterior, ya que valoran su privacidad y desean tener tan poco contacto con los forasteros como sea posible.<\/p>\n\n\n\n<h2 class=\"wp-block-heading has-x-large-font-size\">TRIBU DEL ROSTRO NEGRO<\/h2>\n\n\n\n<p>La m\u00e1s belicosa de todas las tribus conocidas de las Tierras imp\u00edas es la del Rostro Negro, humanos violentos que no conocen m\u00e1s que la guerra y que s\u00f3lo respetan el poder y la autoridad de las brujas del Aquelarre. Muchas veces luchan por cumplir su voluntad, transmitida a uno de sus caciques que obedece sin cuestionar, pero tambi\u00e9n es frecuente que guerreen con sus vecinos por territorio, recursos o prisioneros.<\/p>\n\n\n\n<div class=\"wp-block-columns is-layout-flex wp-container-core-columns-is-layout-28f84493 wp-block-columns-is-layout-flex\">\n<div class=\"wp-block-column is-layout-flow wp-block-column-is-layout-flow\">\n<figure class=\"wp-block-image size-large is-resized\"><img loading=\"lazy\" decoding=\"async\" width=\"571\" height=\"1024\" src=\"https:\/\/warmongerthegame.com\/wp-content\/uploads\/2025\/03\/RaboNegro-571x1024.png\" alt=\"\" class=\"wp-image-922\" style=\"width:275px\" srcset=\"https:\/\/warmongerthegame.com\/wp-content\/uploads\/2025\/03\/RaboNegro-571x1024.png 571w, https:\/\/warmongerthegame.com\/wp-content\/uploads\/2025\/03\/RaboNegro-167x300.png 167w, https:\/\/warmongerthegame.com\/wp-content\/uploads\/2025\/03\/RaboNegro-768x1378.png 768w, https:\/\/warmongerthegame.com\/wp-content\/uploads\/2025\/03\/RaboNegro-856x1536.png 856w, https:\/\/warmongerthegame.com\/wp-content\/uploads\/2025\/03\/RaboNegro.png 1104w\" sizes=\"auto, (max-width: 571px) 100vw, 571px\" \/><\/figure>\n<\/div>\n\n\n\n<div class=\"wp-block-column is-layout-flow wp-block-column-is-layout-flow\">\n<p>Las ense\u00f1anzas de las Brujas les han imbuido de un temor hacia el cielo, el lugar de donde cay\u00f3 el fuego que extermin\u00f3 a toda su raza en el pasado, por lo que adoran la tierra y a todas las criaturas que brotan de ella, ya sean muertos vivientes o demonios del averno. Conocen a Bal, aunque en realidad lo temen m\u00e1s que lo adoran. Sus escasas plegarias son al Aquelarre y sus maldiciones se dirigen a los cielos que los traicionaron.<\/p>\n<\/div>\n<\/div>\n\n\n\n<p>Reciben su nombre por la extra\u00f1a m\u00e1scara oscura que oculta sus caras, un ritual de madurez que s\u00f3lo conocen los miembros de la tribu y que tiene como resultado cubrir las facciones de los guerreros para convertirlos en seres an\u00f3nimos (m\u00e1s all\u00e1 de su sexo evidente). S\u00f3lo los ancianos y ni\u00f1os parecen libres de este rasgo, y quien se niega a superar el ritual de la m\u00e1scara llegado el momento ser\u00e1 castigado o incluso expulsado para unirse a los Repudiados.<\/p>\n\n\n\n<p>Son degenerados, iracundos y no otorgan ning\u00fan valor a la vida humana: son peones resignados a llevar una existencia breve y sangrienta, con la \u00fanica esperanza de un atisbo de poder y gloria en este mundo pasajero. El Desangrador, su cacique actual, aspira a dejar una violenta huella antes de que llegue su hora.<\/p>\n","protected":false},"excerpt":{"rendered":"<p>TRIBUS HUMANAS Los humanos mantienen un delicado equilibrio con las dem\u00e1s criaturas de las Tierras Imp\u00edas. Su n\u00famero no es muy elevado y deben agruparse en clanes, tribus o caravanas para obtener la protecci\u00f3n del grupo. Su tecnolog\u00eda es rudimentaria y muchos de ellos ni siquiera han descubierto la forja del hierro, limit\u00e1ndose a una [&hellip;]<\/p>\n","protected":false},"author":2,"featured_media":0,"parent":0,"menu_order":0,"comment_status":"closed","ping_status":"closed","template":"","meta":{"footnotes":""},"class_list":["post-456","page","type-page","status-publish","hentry"],"_links":{"self":[{"href":"https:\/\/warmongerthegame.com\/index.php\/wp-json\/wp\/v2\/pages\/456","targetHints":{"allow":["GET"]}}],"collection":[{"href":"https:\/\/warmongerthegame.com\/index.php\/wp-json\/wp\/v2\/pages"}],"about":[{"href":"https:\/\/warmongerthegame.com\/index.php\/wp-json\/wp\/v2\/types\/page"}],"author":[{"embeddable":true,"href":"https:\/\/warmongerthegame.com\/index.php\/wp-json\/wp\/v2\/users\/2"}],"replies":[{"embeddable":true,"href":"https:\/\/warmongerthegame.com\/index.php\/wp-json\/wp\/v2\/comments?post=456"}],"version-history":[{"count":10,"href":"https:\/\/warmongerthegame.com\/index.php\/wp-json\/wp\/v2\/pages\/456\/revisions"}],"predecessor-version":[{"id":923,"href":"https:\/\/warmongerthegame.com\/index.php\/wp-json\/wp\/v2\/pages\/456\/revisions\/923"}],"wp:attachment":[{"href":"https:\/\/warmongerthegame.com\/index.php\/wp-json\/wp\/v2\/media?parent=456"}],"curies":[{"name":"wp","href":"https:\/\/api.w.org\/{rel}","templated":true}]}}