{"id":39,"date":"2024-12-30T17:32:13","date_gmt":"2024-12-30T17:32:13","guid":{"rendered":"https:\/\/warmongerthegame.com\/?page_id=39"},"modified":"2025-01-28T19:21:07","modified_gmt":"2025-01-28T18:21:07","slug":"trasfondo","status":"publish","type":"page","link":"https:\/\/warmongerthegame.com\/index.php\/es\/trasfondo\/","title":{"rendered":"Trasfondo"},"content":{"rendered":"\n<figure class=\"wp-block-image aligncenter size-large is-resized\"><img loading=\"lazy\" decoding=\"async\" width=\"768\" height=\"1024\" src=\"https:\/\/warmongerthegame.com\/wp-content\/uploads\/2024\/12\/LogoFeericos-768x1024.png\" alt=\"\" class=\"wp-image-42\" style=\"aspect-ratio:1;object-fit:cover;width:400px\" srcset=\"https:\/\/warmongerthegame.com\/wp-content\/uploads\/2024\/12\/LogoFeericos-768x1024.png 768w, https:\/\/warmongerthegame.com\/wp-content\/uploads\/2024\/12\/LogoFeericos-225x300.png 225w, https:\/\/warmongerthegame.com\/wp-content\/uploads\/2024\/12\/LogoFeericos-1152x1536.png 1152w, https:\/\/warmongerthegame.com\/wp-content\/uploads\/2024\/12\/LogoFeericos-1536x2048.png 1536w\" sizes=\"auto, (max-width: 768px) 100vw, 768px\" \/><\/figure>\n\n\n\n<h1 class=\"wp-block-heading\" style=\"font-size:clamp(2.2rem, 2.2rem + ((1vw - 0.2rem) * 4.235), 4rem);letter-spacing:0px\">\u00bfQU\u00c9 ES ESTO?<\/h1>\n\n\n\n<p><strong>Warmonger <\/strong>es el segundo reglamento de Bad Roll Games y utiliza en gran medida la misma mec\u00e1nica que nuestro anterior juego, el ya asentado <strong>Punkapocalyptic <\/strong>que sali\u00f3 al mercado en 2014, en lo que en un alarde de poca originalidad hemos llamado <em>Sistema Punka<\/em>.<\/p>\n\n\n\n<p>De hecho ambos comparten mismo universo, ya que esta ambientaci\u00f3n que tienes en tus manos nace al rebufo del suplemento para el juego de rol <strong>Las Tierras Imp\u00edas<\/strong>, que pon\u00eda a los jugadores en la piel de habitantes de un lugar post-apocal\u00edptico tan crujido y deformado por la hecatombe at\u00f3mica que parec\u00eda haber abierto un portal a una tierra en una edad de piedra oscura, mal\u00e9fica y retorcida. Sus habitantes pod\u00edan considerarse nuevas razas pobladoras de un lugar al margen del tiempo, protagonistas de una especie de espada y brujer\u00eda post-apocal\u00edptica (g\u00e9nero que nos acabamos de sacar de la manga).<\/p>\n\n\n\n<p>Bebiendo fuertemente de influencias como la serie de televisi\u00f3n <strong>Primal<\/strong>, el cl\u00e1sico de animaci\u00f3n <strong>Tygra <\/strong>o la trilog\u00eda de videojuegos <strong>Shadow of the Beast<\/strong> de Psygnosis, esta nueva ambientaci\u00f3n transporta a los jugadores a una segunda Edad de Piedra brutal, inmisericorde y a merced de siniestros poderes.<\/p>\n\n\n\n<p>Es posible que este juego se publique 40 a\u00f1os tarde. Por su violencia, su tenebrismo y su erotismo ratonero, es m\u00e1s un producto ochentero que uno propio de los tiempos que corren. Lo mismo se puede decir de la l\u00ednea de Punkapocalyptic, y sin embargo ah\u00ed sigue despu\u00e9s de 10 a\u00f1os. Parece que ir a contrapelo es marca de la casa y, no nos enga\u00f1emos, un orgullo en s\u00ed mismo.<\/p>\n\n\n\n<ul class=\"wp-block-list\">\n<li><a href=\"https:\/\/warmongerthegame.com\/index.php\/es\/tierras\/\" data-type=\"page\" data-id=\"428\">Las Tierras Imp\u00edas<\/a><\/li>\n\n\n\n<li><a href=\"https:\/\/warmongerthegame.com\/index.php\/es\/facciones\/\" data-type=\"page\" data-id=\"453\">Las facciones<\/a><\/li>\n<\/ul>\n","protected":false},"excerpt":{"rendered":"<p>\u00bfQU\u00c9 ES ESTO? Warmonger es el segundo reglamento de Bad Roll Games y utiliza en gran medida la misma mec\u00e1nica que nuestro anterior juego, el ya asentado Punkapocalyptic que sali\u00f3 al mercado en 2014, en lo que en un alarde de poca originalidad hemos llamado Sistema Punka. De hecho ambos comparten mismo universo, ya que [&hellip;]<\/p>\n","protected":false},"author":2,"featured_media":0,"parent":0,"menu_order":0,"comment_status":"closed","ping_status":"closed","template":"","meta":{"footnotes":""},"class_list":["post-39","page","type-page","status-publish","hentry"],"_links":{"self":[{"href":"https:\/\/warmongerthegame.com\/index.php\/wp-json\/wp\/v2\/pages\/39","targetHints":{"allow":["GET"]}}],"collection":[{"href":"https:\/\/warmongerthegame.com\/index.php\/wp-json\/wp\/v2\/pages"}],"about":[{"href":"https:\/\/warmongerthegame.com\/index.php\/wp-json\/wp\/v2\/types\/page"}],"author":[{"embeddable":true,"href":"https:\/\/warmongerthegame.com\/index.php\/wp-json\/wp\/v2\/users\/2"}],"replies":[{"embeddable":true,"href":"https:\/\/warmongerthegame.com\/index.php\/wp-json\/wp\/v2\/comments?post=39"}],"version-history":[{"count":21,"href":"https:\/\/warmongerthegame.com\/index.php\/wp-json\/wp\/v2\/pages\/39\/revisions"}],"predecessor-version":[{"id":569,"href":"https:\/\/warmongerthegame.com\/index.php\/wp-json\/wp\/v2\/pages\/39\/revisions\/569"}],"wp:attachment":[{"href":"https:\/\/warmongerthegame.com\/index.php\/wp-json\/wp\/v2\/media?parent=39"}],"curies":[{"name":"wp","href":"https:\/\/api.w.org\/{rel}","templated":true}]}}