{"id":339,"date":"2025-01-09T16:49:31","date_gmt":"2025-01-09T15:49:31","guid":{"rendered":"https:\/\/warmongerthegame.com\/?page_id=339"},"modified":"2025-01-09T16:49:31","modified_gmt":"2025-01-09T15:49:31","slug":"visiones-de-la-tierra-que-fue","status":"publish","type":"page","link":"https:\/\/warmongerthegame.com\/index.php\/es\/visiones-de-la-tierra-que-fue\/","title":{"rendered":"Visiones de la Tierra que fue"},"content":{"rendered":"\n<p class=\"has-warmonger-font-family has-xx-large-font-size\" style=\"text-transform:uppercase\">VISIONES de la tierra que fue<\/p>\n\n\n\n<p>Las explosiones te\u00f1\u00edan el cielo de un color anaranjado y las aeronaves surcaban los aires con un zumbido estridente. Sinti\u00f3 el calor de la piedra sobre la que se hab\u00eda recostado, abrasada por el incendio que hab\u00eda arrasado aquel bloque de edificios. Vio sombras agazapadas entre las ruinas de enfrente, m\u00e1s all\u00e1 de los esqueletos calcinados de los coches. Levant\u00f3 su arma y dispar\u00f3 varias r\u00e1fagas a ciegas.<\/p>\n\n\n\n<p>No hubo gritos, ni fuego de respuesta, ni ninguna reacci\u00f3n que alterase el retumbar de las detonaciones y el traqueteo lejano de las armas autom\u00e1ticas.<\/p>\n\n\n\n<p>Oy\u00f3 un silbato a su espalda y otro le contest\u00f3 a su derecha. Salt\u00f3 por encima de los escombros y un centenar de figuras m\u00e1s lo imitaron al instante. Grit\u00f3 con voz ronca mientras su garganta le ard\u00eda por el aire calcinado y los agentes qu\u00edmicos.<\/p>\n\n\n\n<p>Ech\u00f3 a correr sobre el terreno irregular de la antigua calle, sus botas incapaces de dar dos pasos seguidos con estabilidad. Le dol\u00edan las piernas, el pecho le ard\u00eda y los brazos le pesaban como plomo mientras agarraba su fusil de asalto como un demente. Matar. Matar o morir, esa era su vida ahora. Sin preguntas, sin vacilaciones, sin remordimientos.<\/p>\n\n\n\n<p>El fuego defensivo barri\u00f3 sus filas como una guada\u00f1a un campo de trigo maduro. Muchos m\u00e1s siguieron adelante, hacia las figuras que se escond\u00edan entre los escombros. Empez\u00f3 a distinguir detalles. Una m\u00e1scara antig\u00e1s, una gorra, unos galones, ojos desorbitados por el p\u00e1nico y la falta de sue\u00f1o.<\/p>\n\n\n\n<p>Cayeron sobre sus enemigos como alima\u00f1as, su bayoneta haciendo el trabajo de un carnicero. El coraz\u00f3n le lat\u00eda como un tambor aporreado por un loco. Despojos sangrientos cubr\u00edan el suelo y \u00e9l segu\u00eda respirando. Victoria.<\/p>\n\n\n\n<p>Un segundo despu\u00e9s, gritos en el piso de arriba y pasos apresurados que bajaban por la escalera. Maldiciendo, adopt\u00f3 una postura defensiva y esper\u00f3. Ni siquiera vio el primer resplandor de la bomba. Sinti\u00f3 el calor en la nuca y el impacto de la onda expansiva lo hizo trastabillar. Intent\u00f3 reaccionar, por el rabillo del ojo vio el gran hongo que se alzaba por encima de las ruinas de la ciudad y supo que estaba muerto.<\/p>\n\n\n\n<p>Toda su vida cay\u00f3 sobre \u00e9l en ese instante y su \u00faltimo acto consciente fue llorar. Los gritos de sus camaradas llenaron sus o\u00eddos.<\/p>\n\n\n\n<p><img loading=\"lazy\" decoding=\"async\" width=\"600\" height=\"90\" class=\"wp-image-174\" style=\"width: 600px;\" src=\"https:\/\/warmongerthegame.com\/wp-content\/uploads\/2025\/01\/SeparacionTexto4.png\" alt=\"\" srcset=\"https:\/\/warmongerthegame.com\/wp-content\/uploads\/2025\/01\/SeparacionTexto4.png 931w, https:\/\/warmongerthegame.com\/wp-content\/uploads\/2025\/01\/SeparacionTexto4-300x45.png 300w, https:\/\/warmongerthegame.com\/wp-content\/uploads\/2025\/01\/SeparacionTexto4-768x115.png 768w\" sizes=\"auto, (max-width: 600px) 100vw, 600px\" \/><\/p>\n\n\n\n<p>Los gritos llenaron sus o\u00eddos y lo hicieron despertar de golpe, agitado, sudoroso. Estaba desorientado y confuso, con la respiraci\u00f3n entrecortada. Aquellas im\u00e1genes todav\u00eda le ard\u00edan en el interior de sus retinas.<\/p>\n\n\n\n<p>Lo primero que hizo fue mirar sus manos, pero no ten\u00eda aquel garrote de metal que mataba a distancia. Tampoco esos ropajes extra\u00f1os tan pesados e inc\u00f3modos, esas botas con hierro que le hac\u00edan da\u00f1o en los pies. \u00bfY las madrigueras grises con huecos tapados con vidrio? \u00bfY los p\u00e1jaros met\u00e1licos que surcaban el cielo aullando y soltando bolas de fuego? \u00bfQu\u00e9 lugar era aquel que recordaba, pero que hab\u00eda olvidado?<\/p>\n\n\n\n<p>Le dol\u00eda la cabeza y no pod\u00eda explicar nada de aquello. Se agarr\u00f3 las sienes para aliviarse y gru\u00f1\u00f3. Lanz\u00f3 a un lado bruscamente la piel animal que tapaba su cuerpo desnudo, se levant\u00f3 de un \u00e1gil brinco y se qued\u00f3 un segundo mirando las ascuas de la hoguera mortecina que hab\u00eda calentado la cueva hasta que su respiraci\u00f3n volvi\u00f3 a calmarse. Sinti\u00f3 el frescor del interior de la gruta en su piel, contrastando con el ardor que hab\u00eda sentido momentos antes. El aire era limpio, no venenoso. Inspir\u00f3 con fuerza para llenar sus pulmones.<\/p>\n\n\n\n<p>Entonces escuch\u00f3 de nuevo los gritos y supo qu\u00e9 lo hab\u00eda sacado de aquellas visiones nocturnas. Agarr\u00f3 por puro instinto el gran martillo de piedra que estaba apoyado en la pared y corri\u00f3 hacia la entrada de la caverna con todos sus m\u00fasculos en tensi\u00f3n.<\/p>\n\n\n\n<p>Al salir al exterior vio, m\u00e1s abajo, la gran hoguera comunal y a su luz una turba de asaltantes con siniestras m\u00e1scaras rojas y estilizados cuernos rectos. Durante un instante su sue\u00f1o, por llamarlo as\u00ed, regres\u00f3 a su mente y volvi\u00f3 a ver a aquellos guerreros de las m\u00e1scaras de goma acechando entre las piedras. De alguna forma sab\u00eda que aquello tambi\u00e9n hab\u00eda ocurrido all\u00ed mismo, en aquellas tierras que habitaban ahora. \u00bfPero era un recuerdo de eones pasados, o el presagio de un futuro lejano por venir?<\/p>\n\n\n\n<p>Desechando esos pensamientos in\u00fatiles con una mueca, aferr\u00f3 la maza primitiva con ambas manos. Dio un gran brinco con sus poderosos m\u00fasculos para caer entre sus enemigos, emitiendo un rugido m\u00e1s de bestia salvaje que de hombre. Los brutos enmascarados, dejando a un lado las f\u00e1ciles v\u00edctimas que ten\u00edan agarradas por el pelo o cargaban a sus hombros para llev\u00e1rselas a una vida de esclavitud, se giraron para enfrentarse a esta nueva amenaza con la que no contaban.<\/p>\n\n\n\n<p>Matar. Matar o morir, esa era su vida ahora. Sin preguntas, sin vacilaciones, sin remordimientos.<\/p>\n","protected":false},"excerpt":{"rendered":"<p>VISIONES de la tierra que fue Las explosiones te\u00f1\u00edan el cielo de un color anaranjado y las aeronaves surcaban los aires con un zumbido estridente. Sinti\u00f3 el calor de la piedra sobre la que se hab\u00eda recostado, abrasada por el incendio que hab\u00eda arrasado aquel bloque de edificios. Vio sombras agazapadas entre las ruinas de [&hellip;]<\/p>\n","protected":false},"author":2,"featured_media":0,"parent":0,"menu_order":0,"comment_status":"closed","ping_status":"closed","template":"","meta":{"footnotes":""},"class_list":["post-339","page","type-page","status-publish","hentry"],"_links":{"self":[{"href":"https:\/\/warmongerthegame.com\/index.php\/wp-json\/wp\/v2\/pages\/339","targetHints":{"allow":["GET"]}}],"collection":[{"href":"https:\/\/warmongerthegame.com\/index.php\/wp-json\/wp\/v2\/pages"}],"about":[{"href":"https:\/\/warmongerthegame.com\/index.php\/wp-json\/wp\/v2\/types\/page"}],"author":[{"embeddable":true,"href":"https:\/\/warmongerthegame.com\/index.php\/wp-json\/wp\/v2\/users\/2"}],"replies":[{"embeddable":true,"href":"https:\/\/warmongerthegame.com\/index.php\/wp-json\/wp\/v2\/comments?post=339"}],"version-history":[{"count":1,"href":"https:\/\/warmongerthegame.com\/index.php\/wp-json\/wp\/v2\/pages\/339\/revisions"}],"predecessor-version":[{"id":340,"href":"https:\/\/warmongerthegame.com\/index.php\/wp-json\/wp\/v2\/pages\/339\/revisions\/340"}],"wp:attachment":[{"href":"https:\/\/warmongerthegame.com\/index.php\/wp-json\/wp\/v2\/media?parent=339"}],"curies":[{"name":"wp","href":"https:\/\/api.w.org\/{rel}","templated":true}]}}