{"id":1632,"date":"2025-09-19T15:30:53","date_gmt":"2025-09-19T14:30:53","guid":{"rendered":"https:\/\/warmongerthegame.com\/?page_id=1632"},"modified":"2025-09-20T14:11:01","modified_gmt":"2025-09-20T13:11:01","slug":"iniciarse-en-warmonger","status":"publish","type":"page","link":"https:\/\/warmongerthegame.com\/index.php\/es\/iniciarse-en-warmonger\/","title":{"rendered":"Iniciarse en Warmonger"},"content":{"rendered":"\n<h2 class=\"wp-block-heading has-xx-large-font-size\">INICIARSE EN WARMONGER<\/h2>\n\n\n\n<p>En esta misma p\u00e1gina <em>web <\/em>ten\u00e9is unas reglas gratuitas en PDF para descargar, as\u00ed como plantillas, cartas y todo el material necesario para empezar a jugar a <strong>Warmonger<\/strong>.<\/p>\n\n\n\n<p>Adem\u00e1s pod\u00e9is aprovechar las miniaturas que teng\u00e1is guardadas por casa, o pintadas de otros juegos, para juntar una banda decidida a labrarse un futuro en esta tierra de pesadilla al margen del tiempo.<\/p>\n\n\n\n<p>\u00a1As\u00ed que todo deber\u00eda ir sobre ruedas!<\/p>\n\n\n\n<p>Pero incluso aunque seas veterano curtido de nuestro otro reglamento, <strong>Punkapocalyptic<\/strong>, con el que este juego de fantas\u00eda comparte much\u00edsimos elementos comunes en cuanto a reglas y mec\u00e1nicas b\u00e1sicas, hay suficientes cambios como para necesitar algo m\u00e1s sencillo que simplemente sumergirte de lleno en los escenarios del libro b\u00e1sico o una campa\u00f1a.<\/p>\n\n\n\n<p>La magia es uno de los elementos nuevos m\u00e1s destacados, as\u00ed como las Runas de Perdici\u00f3n que se roban al inicio de la partida y que no tienen nada similar en <strong>Punka <\/strong>(salvo las cartas de objetivos secundarios de torneo del <em>POTS<\/em>, pero eso es otra historia y debe ser contada en otra ocasi\u00f3n). Tambi\u00e9n el sistema de acciones es bastante diferente, ya que cada miniatura no tiene siempre las mismas sino que depende del uso que hagas de una reserva de Puntos de Destino comunes.<\/p>\n\n\n\n<figure class=\"wp-block-image size-large has-custom-border\"><img loading=\"lazy\" decoding=\"async\" width=\"1024\" height=\"575\" src=\"https:\/\/warmongerthegame.com\/wp-content\/uploads\/2025\/09\/ArpiaBoris-1024x575.jpg\" alt=\"\" class=\"wp-image-1626\" style=\"border-style:none;border-width:0px;border-radius:66px\" srcset=\"https:\/\/warmongerthegame.com\/wp-content\/uploads\/2025\/09\/ArpiaBoris-1024x575.jpg 1024w, https:\/\/warmongerthegame.com\/wp-content\/uploads\/2025\/09\/ArpiaBoris-300x168.jpg 300w, https:\/\/warmongerthegame.com\/wp-content\/uploads\/2025\/09\/ArpiaBoris-768x431.jpg 768w, https:\/\/warmongerthegame.com\/wp-content\/uploads\/2025\/09\/ArpiaBoris-1536x862.jpg 1536w, https:\/\/warmongerthegame.com\/wp-content\/uploads\/2025\/09\/ArpiaBoris.jpg 1600w\" sizes=\"auto, (max-width: 1024px) 100vw, 1024px\" \/><\/figure>\n\n\n\n<p>Por todo ello hemos desarrollado un escenario especial m\u00e1s breve (a tres turnos en lugar de seis) y con objetivos m\u00e1s asequibles e intuitivos, que ser\u00e1 el que se use normalmente en las partidas de demostraci\u00f3n en eventos.<\/p>\n\n\n\n<p>Este escenario est\u00e1 pensado para jugarse con las bandas b\u00e1sicas de 350 puntos que vienen en cada <em>starter<\/em>, cuyas fichas de control ten\u00e9is en la <a href=\"https:\/\/warmongerthegame.com\/index.php\/es\/descargas\/\">secci\u00f3n de Descargas<\/a>.<\/p>\n\n\n\n<p>El escenario especial <strong>Hollando las Tierras Imp\u00edas<\/strong> <a href=\"https:\/\/www.badrollgames.com\/Warmonger\/EscenarioDemosWar.pdf\" target=\"_blank\" rel=\"noreferrer noopener\">se puede descargar aqu\u00ed<\/a>. Esperamos que de esta forma tengas m\u00e1s f\u00e1cil iniciarte en nuestro nuevo reglamento y llegue a engancharte tanto como a nosotros.<\/p>\n","protected":false},"excerpt":{"rendered":"<p>INICIARSE EN WARMONGER En esta misma p\u00e1gina web ten\u00e9is unas reglas gratuitas en PDF para descargar, as\u00ed como plantillas, cartas y todo el material necesario para empezar a jugar a Warmonger. Adem\u00e1s pod\u00e9is aprovechar las miniaturas que teng\u00e1is guardadas por casa, o pintadas de otros juegos, para juntar una banda decidida a labrarse un futuro [&hellip;]<\/p>\n","protected":false},"author":2,"featured_media":0,"parent":0,"menu_order":0,"comment_status":"closed","ping_status":"closed","template":"","meta":{"footnotes":""},"class_list":["post-1632","page","type-page","status-publish","hentry"],"_links":{"self":[{"href":"https:\/\/warmongerthegame.com\/index.php\/wp-json\/wp\/v2\/pages\/1632","targetHints":{"allow":["GET"]}}],"collection":[{"href":"https:\/\/warmongerthegame.com\/index.php\/wp-json\/wp\/v2\/pages"}],"about":[{"href":"https:\/\/warmongerthegame.com\/index.php\/wp-json\/wp\/v2\/types\/page"}],"author":[{"embeddable":true,"href":"https:\/\/warmongerthegame.com\/index.php\/wp-json\/wp\/v2\/users\/2"}],"replies":[{"embeddable":true,"href":"https:\/\/warmongerthegame.com\/index.php\/wp-json\/wp\/v2\/comments?post=1632"}],"version-history":[{"count":5,"href":"https:\/\/warmongerthegame.com\/index.php\/wp-json\/wp\/v2\/pages\/1632\/revisions"}],"predecessor-version":[{"id":1645,"href":"https:\/\/warmongerthegame.com\/index.php\/wp-json\/wp\/v2\/pages\/1632\/revisions\/1645"}],"wp:attachment":[{"href":"https:\/\/warmongerthegame.com\/index.php\/wp-json\/wp\/v2\/media?parent=1632"}],"curies":[{"name":"wp","href":"https:\/\/api.w.org\/{rel}","templated":true}]}}