{"id":1323,"date":"2025-06-16T16:34:24","date_gmt":"2025-06-16T15:34:24","guid":{"rendered":"https:\/\/warmongerthegame.com\/?page_id=1323"},"modified":"2026-01-14T20:15:37","modified_gmt":"2026-01-14T19:15:37","slug":"musica-para-warmonger","status":"publish","type":"page","link":"https:\/\/warmongerthegame.com\/index.php\/es\/musica-para-warmonger\/","title":{"rendered":"M\u00daSICA PARA WARMONGER"},"content":{"rendered":"\n<h2 class=\"wp-block-heading has-xx-large-font-size\">M\u00daSICA PARA WARMONGER<\/h2>\n\n\n\n<p>La m\u00fasica es un elemento muy importante a la hora de ambientar bien una partida, ya sea de rol, de juegos de mesa o de un <em>wargame <\/em>como el nuestro.<\/p>\n\n\n\n<p>Desde simples sonidos ambientales que sumerjan a los personajes en una cueva mohosa, hasta alegres composiciones para una partida distendida, siempre es de agradecer una banda sonora que acompa\u00f1e a los jugadores durante un rato.<\/p>\n\n\n\n<p>El tema que <strong>Tim Wright<\/strong> (aka CoLD SToRAGE) <a href=\"https:\/\/warmongerthegame.com\/index.php\/es\/2025\/02\/03\/acuerdo-con-tim-wright\/\" data-type=\"post\" data-id=\"588\">ha compuesto en exclusiva<\/a> para <strong>Warmonger<\/strong> es un buen ejemplo del tono y ambiente que buscamos para este juego. Reminiscencias de aquellos videojuegos de 8 y 16 bits que nos transportaban a mundos fant\u00e1sticos, ambientes on\u00edricos y entornos de ensue\u00f1o no exentos de peligros. Una fusi\u00f3n perfecta de melancol\u00eda, fantas\u00eda y aventura.<\/p>\n\n\n\n<figure class=\"wp-block-image size-large has-custom-border\"><img loading=\"lazy\" decoding=\"async\" width=\"1024\" height=\"724\" src=\"https:\/\/warmongerthegame.com\/wp-content\/uploads\/2025\/02\/Montanaspaisaje_FINAL-1024x724.jpg\" alt=\"\" class=\"wp-image-705\" style=\"border-width:3px;border-radius:50px\" srcset=\"https:\/\/warmongerthegame.com\/wp-content\/uploads\/2025\/02\/Montanaspaisaje_FINAL-1024x724.jpg 1024w, https:\/\/warmongerthegame.com\/wp-content\/uploads\/2025\/02\/Montanaspaisaje_FINAL-300x212.jpg 300w, https:\/\/warmongerthegame.com\/wp-content\/uploads\/2025\/02\/Montanaspaisaje_FINAL-768x543.jpg 768w, https:\/\/warmongerthegame.com\/wp-content\/uploads\/2025\/02\/Montanaspaisaje_FINAL-1536x1086.jpg 1536w, https:\/\/warmongerthegame.com\/wp-content\/uploads\/2025\/02\/Montanaspaisaje_FINAL.jpg 2047w\" sizes=\"auto, (max-width: 1024px) 100vw, 1024px\" \/><\/figure>\n\n\n\n<p>Siendo la ambientaci\u00f3n de <strong>Warmonger<\/strong> una suerte de Edad de Piedra legendaria y oscura, una regresi\u00f3n a los or\u00edgenes del hombre cuando luchaba por su supervivencia contra fuerzas ignotas y destructivas, su banda sonora debe estar compuesta por ritmos primitivos, percusiones, timbales, campanillas, trompas y sonidos guturales.<\/p>\n\n\n\n<p>En ese sentido, no podemos dejar de recomendar a <strong><a href=\"https:\/\/paleowolf.bandcamp.com\/\">Paleowolf<\/a><\/strong> y su proyecto multiplataforma para crear m\u00fasica espiritual, cham\u00e1nica y prehist\u00f3rica que conecta con los rituales de la antig\u00fcedad. Adem\u00e1s de la web dispone de un Patreon, un canal de YouTube, p\u00e1gina en Facebook y cuenta en Spotify donde a\u00f1ade todas sus creaciones (que no son pocas). Mi favorito es sin duda <strong>Cenozoic<\/strong>, un \u00e1lbum que est\u00e1 disponible en su p\u00e1gina por 3 euros (o m\u00e1s, si quer\u00e9is aportar voluntariamente un extra para apoyar su trabajo) y cuya descarga incluye un PDF con informaci\u00f3n sobre animales prehist\u00f3ricos y un mazo de 10 cartas con runas tot\u00e9micas a juego.<\/p>\n\n\n\n<figure class=\"wp-block-image size-large has-custom-border\"><img loading=\"lazy\" decoding=\"async\" width=\"1024\" height=\"1024\" src=\"https:\/\/warmongerthegame.com\/wp-content\/uploads\/2025\/06\/Cenozoic-1024x1024.jpg\" alt=\"\" class=\"wp-image-1325\" style=\"border-width:3px;border-radius:50px\" srcset=\"https:\/\/warmongerthegame.com\/wp-content\/uploads\/2025\/06\/Cenozoic-1024x1024.jpg 1024w, https:\/\/warmongerthegame.com\/wp-content\/uploads\/2025\/06\/Cenozoic-300x300.jpg 300w, https:\/\/warmongerthegame.com\/wp-content\/uploads\/2025\/06\/Cenozoic-150x150.jpg 150w, https:\/\/warmongerthegame.com\/wp-content\/uploads\/2025\/06\/Cenozoic-768x768.jpg 768w, https:\/\/warmongerthegame.com\/wp-content\/uploads\/2025\/06\/Cenozoic.jpg 1200w\" sizes=\"auto, (max-width: 1024px) 100vw, 1024px\" \/><\/figure>\n\n\n\n<p>En el caso de m\u00fasica inspiradora para poder escuchar fuera del juego, bien en el trabajo o pintando miniaturas, los estilos son tan variados como los gustos de cada uno. Ya sea m\u00fasica electr\u00f3nica, <em>heavy<\/em> o rock progresivo o psicod\u00e9lico, cada estilo puede aportar algo a cada jugador que le haga evocar los paisajes, tribus o acontecimientos de las Tierras Imp\u00edas.<\/p>\n\n\n\n<p><strong>Orion <\/strong>de Metallica, <strong>Supernature <\/strong>de Cerrone (en realidad, todo el \u00e1lbum<em> Cerrone 3<\/em>), <strong>Warsong<\/strong> de The Cure, <strong>Wizard of war<\/strong> de Orchid (el \u00e1lbum <em>The Mouths of Madness<\/em> entero, ya puestos), o cl\u00e1sicos del rock como Rainbow y su disco <em>Rising<\/em>, lleno de letras fabulosas y arreglos orquestales que conforman un hito en el rock l\u00edrico \u00e9pico. Tambi\u00e9n <a href=\"https:\/\/www.wardruna.com\/\">Wardruna<\/a>, con su <em>folk <\/em>n\u00f3rdico pesado, gutural y nost\u00e1lgico que habla de la conexi\u00f3n perdida con la tierra y los seres mitol\u00f3gicos que la habitaban. El <em>stoner rock<\/em> de Mountain Witch tambi\u00e9n tiene temas muy sugerentes, como <strong>At the mountains of madness<\/strong> o <strong>Stone age funeral<\/strong>.<\/p>\n\n\n\n<p>Pero volviendo al inicio y a la influencia de esos videojuegos que arrastraron nuestra imaginaci\u00f3n de peque\u00f1os y nos convirtieron en los frikis trasnochados que somos hoy, hemos preparado una peque\u00f1a banda sonora libre de derechos a partir del tema de Tim Wright con 12 canciones ambientales de corta duraci\u00f3n (apenas llegan en total a los 25 minutos) para entrar en ambiente.<\/p>\n\n\n\n<p>La encontrar\u00e9is en la secci\u00f3n de Descargas o <a href=\"https:\/\/www.badrollgames.com\/Warmonger\/WarmongerBSO.rar\">aqu\u00ed mismo<\/a>, lista para seguir expandiendo el universo creciente de <strong>Warmonger<\/strong> con nuevas experiencias.<\/p>\n\n\n\n<figure class=\"wp-block-image size-full\"><img loading=\"lazy\" decoding=\"async\" width=\"1779\" height=\"334\" src=\"https:\/\/warmongerthegame.com\/wp-content\/uploads\/2025\/10\/SeparadorNoticias2.png\" alt=\"\" class=\"wp-image-1717\" srcset=\"https:\/\/warmongerthegame.com\/wp-content\/uploads\/2025\/10\/SeparadorNoticias2.png 1779w, https:\/\/warmongerthegame.com\/wp-content\/uploads\/2025\/10\/SeparadorNoticias2-300x56.png 300w, https:\/\/warmongerthegame.com\/wp-content\/uploads\/2025\/10\/SeparadorNoticias2-1024x192.png 1024w, https:\/\/warmongerthegame.com\/wp-content\/uploads\/2025\/10\/SeparadorNoticias2-768x144.png 768w, https:\/\/warmongerthegame.com\/wp-content\/uploads\/2025\/10\/SeparadorNoticias2-1536x288.png 1536w\" sizes=\"auto, (max-width: 1779px) 100vw, 1779px\" \/><\/figure>\n","protected":false},"excerpt":{"rendered":"<p>M\u00daSICA PARA WARMONGER La m\u00fasica es un elemento muy importante a la hora de ambientar bien una partida, ya sea de rol, de juegos de mesa o de un wargame como el nuestro. Desde simples sonidos ambientales que sumerjan a los personajes en una cueva mohosa, hasta alegres composiciones para una partida distendida, siempre es [&hellip;]<\/p>\n","protected":false},"author":2,"featured_media":0,"parent":0,"menu_order":0,"comment_status":"closed","ping_status":"closed","template":"","meta":{"footnotes":""},"class_list":["post-1323","page","type-page","status-publish","hentry"],"_links":{"self":[{"href":"https:\/\/warmongerthegame.com\/index.php\/wp-json\/wp\/v2\/pages\/1323","targetHints":{"allow":["GET"]}}],"collection":[{"href":"https:\/\/warmongerthegame.com\/index.php\/wp-json\/wp\/v2\/pages"}],"about":[{"href":"https:\/\/warmongerthegame.com\/index.php\/wp-json\/wp\/v2\/types\/page"}],"author":[{"embeddable":true,"href":"https:\/\/warmongerthegame.com\/index.php\/wp-json\/wp\/v2\/users\/2"}],"replies":[{"embeddable":true,"href":"https:\/\/warmongerthegame.com\/index.php\/wp-json\/wp\/v2\/comments?post=1323"}],"version-history":[{"count":14,"href":"https:\/\/warmongerthegame.com\/index.php\/wp-json\/wp\/v2\/pages\/1323\/revisions"}],"predecessor-version":[{"id":1789,"href":"https:\/\/warmongerthegame.com\/index.php\/wp-json\/wp\/v2\/pages\/1323\/revisions\/1789"}],"wp:attachment":[{"href":"https:\/\/warmongerthegame.com\/index.php\/wp-json\/wp\/v2\/media?parent=1323"}],"curies":[{"name":"wp","href":"https:\/\/api.w.org\/{rel}","templated":true}]}}